{"id":33,"date":"2024-02-19T10:46:26","date_gmt":"2024-02-19T09:46:26","guid":{"rendered":"https:\/\/peternity.no\/?page_id=33"},"modified":"2024-03-12T09:36:31","modified_gmt":"2024-03-12T08:36:31","slug":"peternity","status":"publish","type":"page","link":"https:\/\/peternity.no\/?page_id=33","title":{"rendered":"Om Peternity"},"content":{"rendered":"<div class=\"container p-2\">\r\n\t<p class=\"badge pill text-bg-light py-2 px-4 mb-3 fs-4\">Prosedyre f\u00e5r bestilling avd edelstener\/smykker\/anheng:<\/p>\r\n\t<div class=\"row bg-light\">\r\n\t\t<div class=\"col-5\">\r\n\t\t\t<div class=\"p-4 lh-1 fs-12\">\r\n\t\t\t\t<p>Kollekt 10gr av h\u00e5r fra ditt kj\u00e6ledyr eller 50gr aske.<\/p>\r\n\t\t\t\t<p>Velg hvilket produkt du er intressert i og legg inn din bestilling via v\u00e5re nettsider.<\/p>\r\n\t\t\t\t<p>En av v\u00e5re kontaktrepresentant vil kontakte deg innen 24 timer for \u00e5 \r\n\t\t\t\tdiskutere detaljene relatert til din ordre.<\/p>\r\n\t\t\t\t<p>Du vil motta en \"Gj\u00f8r det selv KIT\" med videre instruksjoner fra oss.<\/p>\r\n\t\t\t\t<p class=\"mb-5\">Send s\u00e5 KIT til oss som registrert post:<\/p>\r\n\t\t\t\t<p class=\"fs-5 my-1 fw-bold\">Peternity AS<\/p>\r\n\t\t\t\t<p class=\"fs-6 my-0 fw-bold text-secondary\">Leif weldingsvei 18<\/p>\r\n\t\t\t\t<p class=\"fs-6 my-0 fw-bold text-secondary\">3208 Sandefjord<\/p>\r\n\t\t\t\t<p class=\"fs-6 my-0 fw-bold text-secondary\">Norge<\/p>\r\n\t\t\t<\/div>\r\n\t\t<\/div>\r\n\t\t<div class=\"col-7 p-4 d-flex flex-column justify-content-end\">\r\n\t\t\t<div style=\"width: 320px;\" class=\"wp-video\"><video class=\"mb-5\" id=\"video-33-1\" width=\"320\" height=\"250\" preload=\"metadata\" controls=\"controls\"><source type=\"video\/mp4\" src=\"http:\/\/10.10.92.141\/mevisto-data\/wp-content\/uploads\/2024\/03\/Gebrauchsanleitung-mit-Haar-fur-Perle-mit-Seele.mp4?_=1\" \/><a href=\"http:\/\/10.10.92.141\/mevisto-data\/wp-content\/uploads\/2024\/03\/Gebrauchsanleitung-mit-Haar-fur-Perle-mit-Seele.mp4\">http:\/\/10.10.92.141\/mevisto-data\/wp-content\/uploads\/2024\/03\/Gebrauchsanleitung-mit-Haar-fur-Perle-mit-Seele.mp4<\/a><\/video><\/div>\r\n\t\t\t<div class=\"d-flex flex-row justify-content-end align-items-center\">\r\n\t\t\t\t<p><a href=\"http:\/\/10.10.92.141\/mevisto-data\/hvordan-vi-lager-smykkene\/\" class=\"btn btn-sm mx-2\" target=\"__NEW\">Se v\u00e5r smykke prosedyre i detaljer<\/a><\/p>\r\n\t\t\t\t<p><a href=\"http:\/\/10.10.92.141\/mevisto-data\/gjor-det-selv-perler\/\" class=\"btn btn-sm mx-2\" target=\"__NEW\">Se mer om v\u00e5r utvikling <\/a><\/p>\r\n\t\t\t<\/div>\r\n\t\t<\/div>\r\n\t<\/div>\r\n<\/div>","protected":false},"excerpt":{"rendered":"<p>Prosedyre f\u00e5r bestilling avd edelstener\/smykker\/anheng: Kollekt 10gr av h\u00e5r fra ditt kj\u00e6ledyr eller 50gr aske. Velg hvilket produkt du er intressert i og legg inn din bestilling via v\u00e5re nettsider. En av v\u00e5re kontaktrepresentant vil kontakte deg innen 24 timer for \u00e5 diskutere detaljene relatert til din ordre. Du vil motta en &laquo;Gj\u00f8r det selv [&hellip;]<\/p>\n","protected":false},"author":89,"featured_media":0,"parent":0,"menu_order":0,"comment_status":"closed","ping_status":"closed","template":"","meta":{"_acf_changed":false,"footnotes":""},"class_list":["post-33","page","type-page","status-publish","hentry"],"acf":[],"_links":{"self":[{"href":"https:\/\/peternity.no\/index.php?rest_route=\/wp\/v2\/pages\/33","targetHints":{"allow":["GET"]}}],"collection":[{"href":"https:\/\/peternity.no\/index.php?rest_route=\/wp\/v2\/pages"}],"about":[{"href":"https:\/\/peternity.no\/index.php?rest_route=\/wp\/v2\/types\/page"}],"author":[{"embeddable":true,"href":"https:\/\/peternity.no\/index.php?rest_route=\/wp\/v2\/users\/89"}],"replies":[{"embeddable":true,"href":"https:\/\/peternity.no\/index.php?rest_route=%2Fwp%2Fv2%2Fcomments&post=33"}],"version-history":[{"count":9,"href":"https:\/\/peternity.no\/index.php?rest_route=\/wp\/v2\/pages\/33\/revisions"}],"predecessor-version":[{"id":294,"href":"https:\/\/peternity.no\/index.php?rest_route=\/wp\/v2\/pages\/33\/revisions\/294"}],"wp:attachment":[{"href":"https:\/\/peternity.no\/index.php?rest_route=%2Fwp%2Fv2%2Fmedia&parent=33"}],"curies":[{"name":"wp","href":"https:\/\/api.w.org\/{rel}","templated":true}]}}